{"id":2368,"date":"2017-12-13T21:10:35","date_gmt":"2017-12-13T20:10:35","guid":{"rendered":"https:\/\/www.ericaturizam.hr\/odmor-s-osmijehom\/"},"modified":"2017-12-19T19:40:23","modified_gmt":"2017-12-19T18:40:23","slug":"odmor-s-osmijehom","status":"publish","type":"page","link":"https:\/\/www.ericaturizam.hr\/it\/odmor-s-osmijehom\/","title":{"rendered":"Vacanze con il sorriso"},"content":{"rendered":"<p><div class=\"fusion-fullwidth fullwidth-box fusion-builder-row-1 nonhundred-percent-fullwidth non-hundred-percent-height-scrolling\" style=\"--awb-background-position:left top;--awb-border-radius-top-left:0px;--awb-border-radius-top-right:0px;--awb-border-radius-bottom-right:0px;--awb-border-radius-bottom-left:0px;--awb-padding-top:0px;--awb-padding-bottom:35px;--awb-border-sizes-top:0px;--awb-border-sizes-bottom:0px;--awb-flex-wrap:wrap;\" ><div class=\"fusion-builder-row fusion-row\"><div class=\"fusion-layout-column fusion_builder_column fusion-builder-column-0 fusion_builder_column_1_1 1_1 fusion-one-full fusion-column-first fusion-column-last stranice_clanak_prvi\" style=\"--awb-bg-position:right bottom;--awb-bg-size:cover;\"><div class=\"fusion-column-wrapper fusion-flex-column-wrapper-legacy\"><div class=\"fusion-sep-clear\"><\/div><div class=\"fusion-separator fusion-clearfix\" style=\"float:left;margin-top:0px;margin-bottom:20px;width:100%;max-width:50px;\"><div class=\"fusion-separator-border sep-single sep-solid\" style=\"--awb-height:20px;--awb-amount:20px;--awb-sep-color:#cbaa5c;border-color:#cbaa5c;border-top-width:1px;\"><\/div><\/div><div class=\"fusion-sep-clear\"><\/div><div class=\"fusion-text fusion-text-1\"><h3 style=\"text-align: justify;\">Il soggiorno in Istria \u00e8 pi\u00f9 di una passeggiata in spiaggia perch\u00e9 c\u2019\u00e8 un seguito di avvenimenti divertenti durante tutto l\u2019anno e per tutte le et\u00e0. Perci\u00f2 quando siete in Istria fate quello che fanno gli Istriani- divertitevi!<\/h3>\n<\/div><div class=\"fusion-sep-clear\"><\/div><div class=\"fusion-separator fusion-clearfix\" style=\"float:left;margin-top:0px;margin-bottom:20px;width:100%;max-width:50px;\"><\/div><div class=\"fusion-sep-clear\"><\/div><div class=\"awb-gallery-wrapper awb-gallery-wrapper-1 button-span-no\"><div style=\"margin:-14px;--awb-bordersize:0px;\" class=\"fusion-gallery fusion-gallery-container fusion-grid-3 fusion-columns-total-3 fusion-gallery-layout-grid fusion-gallery-1\"><div style=\"padding:14.5px;\" class=\"fusion-grid-column fusion-gallery-column fusion-gallery-column-3 hover-type-none\"><div class=\"fusion-gallery-image\"><a href=\"https:\/\/www.ericaturizam.hr\/wp-content\/uploads\/2017\/12\/Zabava_1.jpg\" rel=\"noreferrer\" data-rel=\"iLightbox[gallery_image_1]\" class=\"fusion-lightbox\" target=\"_self\"><img decoding=\"async\" src=\"https:\/\/www.ericaturizam.hr\/wp-content\/uploads\/2017\/12\/Zabava_1.jpg\" width=\"900\" height=\"599\" alt=\"\" title=\"Zabava_1\" aria-label=\"Zabava_1\" class=\"img-responsive wp-image-2059\" srcset=\"https:\/\/www.ericaturizam.hr\/wp-content\/uploads\/2017\/12\/Zabava_1-200x133.jpg 200w, https:\/\/www.ericaturizam.hr\/wp-content\/uploads\/2017\/12\/Zabava_1-400x266.jpg 400w, https:\/\/www.ericaturizam.hr\/wp-content\/uploads\/2017\/12\/Zabava_1-600x399.jpg 600w, https:\/\/www.ericaturizam.hr\/wp-content\/uploads\/2017\/12\/Zabava_1-800x532.jpg 800w, https:\/\/www.ericaturizam.hr\/wp-content\/uploads\/2017\/12\/Zabava_1.jpg 900w\" sizes=\"(min-width: 2200px) 100vw, (min-width: 1129px) 381px, (min-width: 1037px) 571px, (min-width: 945px) 1037px, \" \/><\/a><\/div><\/div><div style=\"padding:14.5px;\" class=\"fusion-grid-column fusion-gallery-column fusion-gallery-column-3 hover-type-none\"><div class=\"fusion-gallery-image\"><a href=\"https:\/\/www.ericaturizam.hr\/wp-content\/uploads\/2017\/12\/Zabava_2.jpg\" rel=\"noreferrer\" data-rel=\"iLightbox[gallery_image_1]\" class=\"fusion-lightbox\" target=\"_self\"><img decoding=\"async\" src=\"https:\/\/www.ericaturizam.hr\/wp-content\/uploads\/2017\/12\/Zabava_2.jpg\" width=\"900\" height=\"600\" alt=\"\" title=\"Zabava_2\" aria-label=\"Zabava_2\" class=\"img-responsive wp-image-2060\" srcset=\"https:\/\/www.ericaturizam.hr\/wp-content\/uploads\/2017\/12\/Zabava_2-200x133.jpg 200w, https:\/\/www.ericaturizam.hr\/wp-content\/uploads\/2017\/12\/Zabava_2-400x267.jpg 400w, https:\/\/www.ericaturizam.hr\/wp-content\/uploads\/2017\/12\/Zabava_2-600x400.jpg 600w, https:\/\/www.ericaturizam.hr\/wp-content\/uploads\/2017\/12\/Zabava_2-800x533.jpg 800w, https:\/\/www.ericaturizam.hr\/wp-content\/uploads\/2017\/12\/Zabava_2.jpg 900w\" sizes=\"(min-width: 2200px) 100vw, (min-width: 1129px) 381px, (min-width: 1037px) 571px, (min-width: 945px) 1037px, \" \/><\/a><\/div><\/div><div style=\"padding:14.5px;\" class=\"fusion-grid-column fusion-gallery-column fusion-gallery-column-3 hover-type-none\"><div class=\"fusion-gallery-image\"><a href=\"https:\/\/www.ericaturizam.hr\/wp-content\/uploads\/2017\/12\/Zabava_3.jpg\" rel=\"noreferrer\" data-rel=\"iLightbox[gallery_image_1]\" class=\"fusion-lightbox\" target=\"_self\"><img decoding=\"async\" src=\"https:\/\/www.ericaturizam.hr\/wp-content\/uploads\/2017\/12\/Zabava_3.jpg\" width=\"900\" height=\"600\" alt=\"\" title=\"Zabava_3\" aria-label=\"Zabava_3\" class=\"img-responsive wp-image-2061\" srcset=\"https:\/\/www.ericaturizam.hr\/wp-content\/uploads\/2017\/12\/Zabava_3-200x133.jpg 200w, https:\/\/www.ericaturizam.hr\/wp-content\/uploads\/2017\/12\/Zabava_3-400x267.jpg 400w, https:\/\/www.ericaturizam.hr\/wp-content\/uploads\/2017\/12\/Zabava_3-600x400.jpg 600w, https:\/\/www.ericaturizam.hr\/wp-content\/uploads\/2017\/12\/Zabava_3-800x533.jpg 800w, https:\/\/www.ericaturizam.hr\/wp-content\/uploads\/2017\/12\/Zabava_3.jpg 900w\" sizes=\"(min-width: 2200px) 100vw, (min-width: 1129px) 381px, (min-width: 1037px) 571px, (min-width: 945px) 1037px, \" \/><\/a><\/div><\/div><div class=\"clearfix\"><\/div><\/div><\/div><div class=\"fusion-sep-clear\"><\/div><div class=\"fusion-separator fusion-clearfix\" style=\"float:left;margin-top:0px;margin-bottom:20px;width:100%;max-width:50px;\"><\/div><div class=\"fusion-sep-clear\"><\/div><div class=\"fusion-text fusion-text-2\"><p>La maggioranza converr\u00e0 che il solo andare in vacanza rappresenti di per s\u00e9 un\u2019attivit\u00e0 abbastanza divertente. Se ci si lascia per\u00f2 prendere dalla monotonia e passivit\u00e0 c\u2019\u00e8 la possibilit\u00e0 che al ritorno a casa avremmo bisogno di riposo dalle vacanze.<\/p>\n<p>Il segreto di come renderli migliori i giorni preziosi di vacanza sta nel trascorrere bene il tempo, facendo quello che <strong>amiamo<\/strong> e <strong>ci fa piacere <\/strong>e nel farlo \u00e8 opportuno provare anche qualcosa di <strong>nuovo. <\/strong>Per fortuna in Istria, che \u00e8 cos\u00ec diversa in ogni senso, ci sono <strong>numerose opzioni alternative per divertirsi. <\/strong><\/p>\n<\/div><div class=\"fusion-sep-clear\"><\/div><div class=\"fusion-separator fusion-clearfix\" style=\"float:left;margin-top:0px;margin-bottom:1px;width:100%;max-width:50px;\"><\/div><div class=\"fusion-sep-clear\"><\/div><div class=\"awb-gallery-wrapper awb-gallery-wrapper-2 button-span-no\"><div style=\"margin:-14px;--awb-bordersize:0px;\" class=\"fusion-gallery fusion-gallery-container fusion-grid-3 fusion-columns-total-3 fusion-gallery-layout-grid fusion-gallery-2\"><div style=\"padding:14.5px;\" class=\"fusion-grid-column fusion-gallery-column fusion-gallery-column-3 hover-type-none\"><div class=\"fusion-gallery-image\"><a href=\"https:\/\/www.ericaturizam.hr\/wp-content\/uploads\/2017\/12\/Zabava_4.jpg\" rel=\"noreferrer\" data-rel=\"iLightbox[gallery_image_2]\" class=\"fusion-lightbox\" target=\"_self\"><img decoding=\"async\" src=\"https:\/\/www.ericaturizam.hr\/wp-content\/uploads\/2017\/12\/Zabava_4.jpg\" width=\"600\" height=\"900\" alt=\"\" title=\"Zabava_4\" aria-label=\"Zabava_4\" class=\"img-responsive wp-image-2064\" srcset=\"https:\/\/www.ericaturizam.hr\/wp-content\/uploads\/2017\/12\/Zabava_4-200x300.jpg 200w, https:\/\/www.ericaturizam.hr\/wp-content\/uploads\/2017\/12\/Zabava_4-400x600.jpg 400w, https:\/\/www.ericaturizam.hr\/wp-content\/uploads\/2017\/12\/Zabava_4.jpg 600w\" sizes=\"(min-width: 2200px) 100vw, (min-width: 1129px) 381px, (min-width: 1037px) 571px, (min-width: 945px) 1037px, \" \/><\/a><\/div><\/div><div style=\"padding:14.5px;\" class=\"fusion-grid-column fusion-gallery-column fusion-gallery-column-3 hover-type-none\"><div class=\"fusion-gallery-image\"><a href=\"https:\/\/www.ericaturizam.hr\/wp-content\/uploads\/2017\/12\/Zabava_5.jpg\" rel=\"noreferrer\" data-rel=\"iLightbox[gallery_image_2]\" class=\"fusion-lightbox\" target=\"_self\"><img decoding=\"async\" src=\"https:\/\/www.ericaturizam.hr\/wp-content\/uploads\/2017\/12\/Zabava_5.jpg\" width=\"600\" height=\"900\" alt=\"\" title=\"Zabava_5\" aria-label=\"Zabava_5\" class=\"img-responsive wp-image-2065\" srcset=\"https:\/\/www.ericaturizam.hr\/wp-content\/uploads\/2017\/12\/Zabava_5-200x300.jpg 200w, https:\/\/www.ericaturizam.hr\/wp-content\/uploads\/2017\/12\/Zabava_5-400x600.jpg 400w, https:\/\/www.ericaturizam.hr\/wp-content\/uploads\/2017\/12\/Zabava_5.jpg 600w\" sizes=\"(min-width: 2200px) 100vw, (min-width: 1129px) 381px, (min-width: 1037px) 571px, (min-width: 945px) 1037px, \" \/><\/a><\/div><\/div><div style=\"padding:14.5px;\" class=\"fusion-grid-column fusion-gallery-column fusion-gallery-column-3 hover-type-none\"><div class=\"fusion-gallery-image\"><a href=\"https:\/\/www.ericaturizam.hr\/wp-content\/uploads\/2017\/12\/Zabava_6.jpg\" rel=\"noreferrer\" data-rel=\"iLightbox[gallery_image_2]\" class=\"fusion-lightbox\" target=\"_self\"><img decoding=\"async\" src=\"https:\/\/www.ericaturizam.hr\/wp-content\/uploads\/2017\/12\/Zabava_6.jpg\" width=\"600\" height=\"900\" alt=\"\" title=\"Zabava_6\" aria-label=\"Zabava_6\" class=\"img-responsive wp-image-2066\" srcset=\"https:\/\/www.ericaturizam.hr\/wp-content\/uploads\/2017\/12\/Zabava_6-200x300.jpg 200w, https:\/\/www.ericaturizam.hr\/wp-content\/uploads\/2017\/12\/Zabava_6-400x600.jpg 400w, https:\/\/www.ericaturizam.hr\/wp-content\/uploads\/2017\/12\/Zabava_6.jpg 600w\" sizes=\"(min-width: 2200px) 100vw, (min-width: 1129px) 381px, (min-width: 1037px) 571px, (min-width: 945px) 1037px, \" \/><\/a><\/div><\/div><div class=\"clearfix\"><\/div><\/div><\/div><div class=\"fusion-clearfix\"><\/div><\/div><\/div><\/div><\/div><div class=\"fusion-fullwidth fullwidth-box fusion-builder-row-2 nonhundred-percent-fullwidth non-hundred-percent-height-scrolling\" style=\"--awb-background-position:center top;--awb-border-radius-top-left:0px;--awb-border-radius-top-right:0px;--awb-border-radius-bottom-right:0px;--awb-border-radius-bottom-left:0px;--awb-padding-top:0px;--awb-padding-right:30px;--awb-padding-bottom:0px;--awb-padding-left:30px;--awb-background-color:#f4f4f4;--awb-border-sizes-top:0px;--awb-border-sizes-bottom:0px;--awb-flex-wrap:wrap;\" ><div class=\"fusion-builder-row fusion-row\"><div class=\"fusion-layout-column fusion_builder_column fusion-builder-column-1 fusion_builder_column_1_1 1_1 fusion-one-full fusion-column-first fusion-column-last fusion-column-no-min-height\" style=\"--awb-bg-size:cover;--awb-margin-bottom:0px;\"><div class=\"fusion-column-wrapper fusion-flex-column-wrapper-legacy\"><div class=\"fusion-text fusion-text-3\"><h3 style=\"text-align: center;\">Come divertirsi in Istria<\/h3>\n<\/div><div class=\"fusion-sep-clear\"><\/div><div class=\"fusion-separator\" style=\"margin-left: auto;margin-right: auto;margin-top:0px;margin-bottom:30px;width:100%;max-width:50px;\"><div class=\"fusion-separator-border sep-single sep-solid\" style=\"--awb-height:20px;--awb-amount:20px;--awb-sep-color:#cbaa5c;border-color:#cbaa5c;border-top-width:1px;\"><\/div><\/div><div class=\"fusion-sep-clear\"><\/div><div class=\"fusion-text fusion-text-4\"><p>Il divertimento \u00e8 uno degli \u2018\u2019ingredienti\u2019\u2019 chiave per una vacanza di successo. La giornata piena di avvenimenti interessanti ci pu\u00f2 rilassare pi\u00f9 dell\u2019oziare in spiaggia. Provate perci\u00f2 assolutamente a:<\/p>\n<\/div><div class=\"fusion-clearfix\"><\/div><\/div><\/div><div class=\"fusion-layout-column fusion_builder_column fusion-builder-column-2 fusion_builder_column_1_2 1_2 fusion-one-half fusion-column-first\" style=\"--awb-padding-right:20px;--awb-padding-left:20px;--awb-bg-size:cover;width:48%; margin-right: 4%;\"><div class=\"fusion-column-wrapper fusion-flex-column-wrapper-legacy\"><ul style=\"--awb-iconcolor:#cbaa5c;--awb-line-height:23.8px;--awb-icon-width:23.8px;--awb-icon-height:23.8px;--awb-icon-margin:9.8px;--awb-content-margin:33.6px;\" class=\"fusion-checklist fusion-checklist-1 fusion-checklist-default type-icons\"><li class=\"fusion-li-item\" style=\"\"><span class=\"icon-wrapper circle-no\"><i class=\"fusion-li-icon fa fa-music\" aria-hidden=\"true\"><\/i><\/span><div class=\"fusion-li-item-content\">\n<p>visitare l\u2019Istria a volo d\u2019uccello nell\u2019<strong>Aeroparco<\/strong> di Orsera<\/p>\n<\/div><\/li><li class=\"fusion-li-item\" style=\"\"><span class=\"icon-wrapper circle-no\"><i class=\"fusion-li-icon fa fa-music\" aria-hidden=\"true\"><\/i><\/span><div class=\"fusion-li-item-content\">\n<p>giocare una partita ad <strong>acqua-golf<\/strong> a Pola<\/p>\n<\/div><\/li><li class=\"fusion-li-item\" style=\"\"><span class=\"icon-wrapper circle-no\"><i class=\"fusion-li-icon fa fa-music\" aria-hidden=\"true\"><\/i><\/span><div class=\"fusion-li-item-content\">\n<p>visitare il parco acquatico <strong>Aquacolors<\/strong> a Parenzo o l\u2019<strong>Istralandia<\/strong> presso Cittanova<\/p>\n<\/div><\/li><li class=\"fusion-li-item\" style=\"\"><span class=\"icon-wrapper circle-no\"><i class=\"fusion-li-icon fa fa-music\" aria-hidden=\"true\"><\/i><\/span><div class=\"fusion-li-item-content\">\n<p>godere in una <strong>beach-party<\/strong> su una delle numerose spiagge istriane<\/p>\n<\/div><\/li><li class=\"fusion-li-item\" style=\"\"><span class=\"icon-wrapper circle-no\"><i class=\"fusion-li-icon fa fa-music\" aria-hidden=\"true\"><\/i><\/span><div class=\"fusion-li-item-content\">\n<p>cercare di trovare l\u2019uscita dalla escape room <strong>Enigmarium<\/strong> o dal castello<strong> Escape Castle Sanvincenti<\/strong><\/p>\n<\/div><\/li><li class=\"fusion-li-item\" style=\"\"><span class=\"icon-wrapper circle-no\"><i class=\"fusion-li-icon fa fa-music\" aria-hidden=\"true\"><\/i><\/span><div class=\"fusion-li-item-content\">\n<p>giocare all\u2019Alpha Strike <strong>laser tag<\/strong> a Pula o al Point Flash <strong>paintball<\/strong> a Rovigno<\/p>\n<\/div><\/li><\/ul><div class=\"fusion-clearfix\"><\/div><\/div><\/div><div class=\"fusion-layout-column fusion_builder_column fusion-builder-column-3 fusion_builder_column_1_2 1_2 fusion-one-half fusion-column-last\" style=\"--awb-padding-right:20px;--awb-padding-left:20px;--awb-bg-size:cover;width:48%;\"><div class=\"fusion-column-wrapper fusion-flex-column-wrapper-legacy\"><ul style=\"--awb-iconcolor:#cbaa5c;--awb-line-height:23.8px;--awb-icon-width:23.8px;--awb-icon-height:23.8px;--awb-icon-margin:9.8px;--awb-content-margin:33.6px;\" class=\"fusion-checklist fusion-checklist-2 fusion-checklist-default type-icons\"><li class=\"fusion-li-item\" style=\"\"><span class=\"icon-wrapper circle-no\"><i class=\"fusion-li-icon fa fa-music\" aria-hidden=\"true\"><\/i><\/span><div class=\"fusion-li-item-content\">\n<p>esplorare il <strong>parco sottomarino<\/strong> Verudela<\/p>\n<\/div><\/li><li class=\"fusion-li-item\" style=\"\"><span class=\"icon-wrapper circle-no\"><i class=\"fusion-li-icon fa fa-music\" aria-hidden=\"true\"><\/i><\/span><div class=\"fusion-li-item-content\">\n<p>impegnarvi nella <strong>caccia al tartufo<\/strong> a Livade presso Montona<\/p>\n<\/div><\/li><li class=\"fusion-li-item\" style=\"\"><span class=\"icon-wrapper circle-no\"><i class=\"fusion-li-icon fa fa-music\" aria-hidden=\"true\"><\/i><\/span><div class=\"fusion-li-item-content\">\n<p>tornare indietro nel tempo nel <strong>Dino parco<\/strong> presso Fontane o nel <strong>parco tematico medievale<\/strong> Sankt Michael presso Sanvincenti<\/p>\n<\/div><\/li><li class=\"fusion-li-item\" style=\"\"><span class=\"icon-wrapper circle-no\"><i class=\"fusion-li-icon fa fa-music\" aria-hidden=\"true\"><\/i><\/span><div class=\"fusion-li-item-content\">\n<p>tentare la fortuna nel <strong>Luckia Casino<\/strong> a Pola<\/p>\n<\/div><\/li><li class=\"fusion-li-item\" style=\"\"><span class=\"icon-wrapper circle-no\"><i class=\"fusion-li-icon fa fa-music\" aria-hidden=\"true\"><\/i><\/span><div class=\"fusion-li-item-content\">\n<p>guidare una <strong>Go Kart<\/strong> nel KartCross a Parenzo o nel Green Garden Carting a Pola<\/p>\n<\/div><\/li><li class=\"fusion-li-item\" style=\"\"><span class=\"icon-wrapper circle-no\"><i class=\"fusion-li-icon fa fa-music\" aria-hidden=\"true\"><\/i><\/span><div class=\"fusion-li-item-content\">\n<p>provare un\u2019estrema eccitazione nei <strong>parchi di avventura<\/strong> a Medolino, Umago o Glavani.<\/p>\n<\/div><\/li><\/ul><div class=\"fusion-clearfix\"><\/div><\/div><\/div><\/div><\/div><\/p>\n","protected":false},"excerpt":{"rendered":"","protected":false},"author":1,"featured_media":0,"parent":0,"menu_order":0,"comment_status":"closed","ping_status":"closed","template":"","meta":{"_acf_changed":false,"footnotes":""},"class_list":["post-2368","page","type-page","status-publish","hentry"],"acf":[],"yoast_head":"<!-- This site is optimized with the Yoast SEO plugin v27.3 - https:\/\/yoast.com\/product\/yoast-seo-wordpress\/ -->\n<title>Vacanze con il sorriso - Erica turizam<\/title>\n<meta name=\"robots\" content=\"index, follow, max-snippet:-1, max-image-preview:large, max-video-preview:-1\" \/>\n<link rel=\"canonical\" href=\"https:\/\/www.ericaturizam.hr\/it\/odmor-s-osmijehom\/\" \/>\n<meta property=\"og:locale\" content=\"it_IT\" \/>\n<meta property=\"og:type\" content=\"article\" \/>\n<meta property=\"og:title\" content=\"Vacanze con il sorriso - Erica turizam\" \/>\n<meta property=\"og:url\" content=\"https:\/\/www.ericaturizam.hr\/it\/odmor-s-osmijehom\/\" \/>\n<meta property=\"og:site_name\" content=\"Erica turizam\" \/>\n<meta property=\"article:modified_time\" content=\"2017-12-19T18:40:23+00:00\" \/>\n<meta name=\"twitter:card\" content=\"summary_large_image\" \/>\n<meta name=\"twitter:label1\" content=\"Tempo di lettura stimato\" \/>\n\t<meta name=\"twitter:data1\" content=\"6 minuti\" \/>\n<script type=\"application\/ld+json\" class=\"yoast-schema-graph\">{\"@context\":\"https:\\\/\\\/schema.org\",\"@graph\":[{\"@type\":\"WebPage\",\"@id\":\"https:\\\/\\\/www.ericaturizam.hr\\\/it\\\/odmor-s-osmijehom\\\/\",\"url\":\"https:\\\/\\\/www.ericaturizam.hr\\\/it\\\/odmor-s-osmijehom\\\/\",\"name\":\"Vacanze con il sorriso - Erica turizam\",\"isPartOf\":{\"@id\":\"https:\\\/\\\/www.ericaturizam.hr\\\/hr\\\/#website\"},\"datePublished\":\"2017-12-13T20:10:35+00:00\",\"dateModified\":\"2017-12-19T18:40:23+00:00\",\"breadcrumb\":{\"@id\":\"https:\\\/\\\/www.ericaturizam.hr\\\/it\\\/odmor-s-osmijehom\\\/#breadcrumb\"},\"inLanguage\":\"it-IT\",\"potentialAction\":[{\"@type\":\"ReadAction\",\"target\":[\"https:\\\/\\\/www.ericaturizam.hr\\\/it\\\/odmor-s-osmijehom\\\/\"]}]},{\"@type\":\"BreadcrumbList\",\"@id\":\"https:\\\/\\\/www.ericaturizam.hr\\\/it\\\/odmor-s-osmijehom\\\/#breadcrumb\",\"itemListElement\":[{\"@type\":\"ListItem\",\"position\":1,\"name\":\"Po\u010detna stranica\",\"item\":\"https:\\\/\\\/www.ericaturizam.hr\\\/it\\\/\"},{\"@type\":\"ListItem\",\"position\":2,\"name\":\"Vacanze con il sorriso\"}]},{\"@type\":\"WebSite\",\"@id\":\"https:\\\/\\\/www.ericaturizam.hr\\\/hr\\\/#website\",\"url\":\"https:\\\/\\\/www.ericaturizam.hr\\\/hr\\\/\",\"name\":\"Erica turizam\",\"description\":\"apartments &amp; holiday mobile homes\",\"potentialAction\":[{\"@type\":\"SearchAction\",\"target\":{\"@type\":\"EntryPoint\",\"urlTemplate\":\"https:\\\/\\\/www.ericaturizam.hr\\\/hr\\\/?s={search_term_string}\"},\"query-input\":{\"@type\":\"PropertyValueSpecification\",\"valueRequired\":true,\"valueName\":\"search_term_string\"}}],\"inLanguage\":\"it-IT\"}]}<\/script>\n<!-- \/ Yoast SEO plugin. -->","yoast_head_json":{"title":"Vacanze con il sorriso - Erica turizam","robots":{"index":"index","follow":"follow","max-snippet":"max-snippet:-1","max-image-preview":"max-image-preview:large","max-video-preview":"max-video-preview:-1"},"canonical":"https:\/\/www.ericaturizam.hr\/it\/odmor-s-osmijehom\/","og_locale":"it_IT","og_type":"article","og_title":"Vacanze con il sorriso - Erica turizam","og_url":"https:\/\/www.ericaturizam.hr\/it\/odmor-s-osmijehom\/","og_site_name":"Erica turizam","article_modified_time":"2017-12-19T18:40:23+00:00","twitter_card":"summary_large_image","twitter_misc":{"Tempo di lettura stimato":"6 minuti"},"schema":{"@context":"https:\/\/schema.org","@graph":[{"@type":"WebPage","@id":"https:\/\/www.ericaturizam.hr\/it\/odmor-s-osmijehom\/","url":"https:\/\/www.ericaturizam.hr\/it\/odmor-s-osmijehom\/","name":"Vacanze con il sorriso - Erica turizam","isPartOf":{"@id":"https:\/\/www.ericaturizam.hr\/hr\/#website"},"datePublished":"2017-12-13T20:10:35+00:00","dateModified":"2017-12-19T18:40:23+00:00","breadcrumb":{"@id":"https:\/\/www.ericaturizam.hr\/it\/odmor-s-osmijehom\/#breadcrumb"},"inLanguage":"it-IT","potentialAction":[{"@type":"ReadAction","target":["https:\/\/www.ericaturizam.hr\/it\/odmor-s-osmijehom\/"]}]},{"@type":"BreadcrumbList","@id":"https:\/\/www.ericaturizam.hr\/it\/odmor-s-osmijehom\/#breadcrumb","itemListElement":[{"@type":"ListItem","position":1,"name":"Po\u010detna stranica","item":"https:\/\/www.ericaturizam.hr\/it\/"},{"@type":"ListItem","position":2,"name":"Vacanze con il sorriso"}]},{"@type":"WebSite","@id":"https:\/\/www.ericaturizam.hr\/hr\/#website","url":"https:\/\/www.ericaturizam.hr\/hr\/","name":"Erica turizam","description":"apartments &amp; holiday mobile homes","potentialAction":[{"@type":"SearchAction","target":{"@type":"EntryPoint","urlTemplate":"https:\/\/www.ericaturizam.hr\/hr\/?s={search_term_string}"},"query-input":{"@type":"PropertyValueSpecification","valueRequired":true,"valueName":"search_term_string"}}],"inLanguage":"it-IT"}]}},"_links":{"self":[{"href":"https:\/\/www.ericaturizam.hr\/it\/wp-json\/wp\/v2\/pages\/2368","targetHints":{"allow":["GET"]}}],"collection":[{"href":"https:\/\/www.ericaturizam.hr\/it\/wp-json\/wp\/v2\/pages"}],"about":[{"href":"https:\/\/www.ericaturizam.hr\/it\/wp-json\/wp\/v2\/types\/page"}],"author":[{"embeddable":true,"href":"https:\/\/www.ericaturizam.hr\/it\/wp-json\/wp\/v2\/users\/1"}],"replies":[{"embeddable":true,"href":"https:\/\/www.ericaturizam.hr\/it\/wp-json\/wp\/v2\/comments?post=2368"}],"version-history":[{"count":3,"href":"https:\/\/www.ericaturizam.hr\/it\/wp-json\/wp\/v2\/pages\/2368\/revisions"}],"predecessor-version":[{"id":2394,"href":"https:\/\/www.ericaturizam.hr\/it\/wp-json\/wp\/v2\/pages\/2368\/revisions\/2394"}],"wp:attachment":[{"href":"https:\/\/www.ericaturizam.hr\/it\/wp-json\/wp\/v2\/media?parent=2368"}],"curies":[{"name":"wp","href":"https:\/\/api.w.org\/{rel}","templated":true}]}}