{"id":2367,"date":"2017-12-13T21:10:35","date_gmt":"2017-12-13T20:10:35","guid":{"rendered":"https:\/\/www.ericaturizam.hr\/odmor-s-osmijehom\/"},"modified":"2017-12-19T20:01:14","modified_gmt":"2017-12-19T19:01:14","slug":"odmor-s-osmijehom","status":"publish","type":"page","link":"https:\/\/www.ericaturizam.hr\/de\/odmor-s-osmijehom\/","title":{"rendered":"Ein Urlaub mit einem L\u00e4cheln"},"content":{"rendered":"<p><div class=\"fusion-fullwidth fullwidth-box fusion-builder-row-1 nonhundred-percent-fullwidth non-hundred-percent-height-scrolling\" style=\"--awb-background-position:left top;--awb-border-radius-top-left:0px;--awb-border-radius-top-right:0px;--awb-border-radius-bottom-right:0px;--awb-border-radius-bottom-left:0px;--awb-padding-top:0px;--awb-padding-bottom:35px;--awb-border-sizes-top:0px;--awb-border-sizes-bottom:0px;--awb-flex-wrap:wrap;\" ><div class=\"fusion-builder-row fusion-row\"><div class=\"fusion-layout-column fusion_builder_column fusion-builder-column-0 fusion_builder_column_1_1 1_1 fusion-one-full fusion-column-first fusion-column-last stranice_clanak_prvi\" style=\"--awb-bg-position:right bottom;--awb-bg-size:cover;\"><div class=\"fusion-column-wrapper fusion-flex-column-wrapper-legacy\"><div class=\"fusion-sep-clear\"><\/div><div class=\"fusion-separator fusion-clearfix\" style=\"float:left;margin-top:0px;margin-bottom:20px;width:100%;max-width:50px;\"><div class=\"fusion-separator-border sep-single sep-solid\" style=\"--awb-height:20px;--awb-amount:20px;--awb-sep-color:#cbaa5c;border-color:#cbaa5c;border-top-width:1px;\"><\/div><\/div><div class=\"fusion-sep-clear\"><\/div><div class=\"fusion-text fusion-text-1\"><h3 style=\"text-align: justify;\">Ein Urlaub in Istrien ist mehr als nur ein Spaziergang am Strand, denn es gibt eine ganze Reihe von ganzj\u00e4hrigen Inhalten f\u00fcr G\u00e4ste jeden Alters.\u00a0Also, wenn Sie in Istrien tun, was die\u00a0Istrianer\u00a0tun &#8211; viel Spa\u00df!<\/h3>\n<\/div><div class=\"fusion-sep-clear\"><\/div><div class=\"fusion-separator fusion-clearfix\" style=\"float:left;margin-top:0px;margin-bottom:20px;width:100%;max-width:50px;\"><\/div><div class=\"fusion-sep-clear\"><\/div><div class=\"awb-gallery-wrapper awb-gallery-wrapper-1 button-span-no\"><div style=\"margin:-14px;--awb-bordersize:0px;\" class=\"fusion-gallery fusion-gallery-container fusion-grid-3 fusion-columns-total-3 fusion-gallery-layout-grid fusion-gallery-1\"><div style=\"padding:14.5px;\" class=\"fusion-grid-column fusion-gallery-column fusion-gallery-column-3 hover-type-none\"><div class=\"fusion-gallery-image\"><a href=\"https:\/\/www.ericaturizam.hr\/wp-content\/uploads\/2017\/12\/Zabava_1.jpg\" rel=\"noreferrer\" data-rel=\"iLightbox[gallery_image_1]\" class=\"fusion-lightbox\" target=\"_self\"><img decoding=\"async\" src=\"https:\/\/www.ericaturizam.hr\/wp-content\/uploads\/2017\/12\/Zabava_1.jpg\" width=\"900\" height=\"599\" alt=\"\" title=\"Zabava_1\" aria-label=\"Zabava_1\" class=\"img-responsive wp-image-2059\" srcset=\"https:\/\/www.ericaturizam.hr\/wp-content\/uploads\/2017\/12\/Zabava_1-200x133.jpg 200w, https:\/\/www.ericaturizam.hr\/wp-content\/uploads\/2017\/12\/Zabava_1-400x266.jpg 400w, https:\/\/www.ericaturizam.hr\/wp-content\/uploads\/2017\/12\/Zabava_1-600x399.jpg 600w, https:\/\/www.ericaturizam.hr\/wp-content\/uploads\/2017\/12\/Zabava_1-800x532.jpg 800w, https:\/\/www.ericaturizam.hr\/wp-content\/uploads\/2017\/12\/Zabava_1.jpg 900w\" sizes=\"(min-width: 2200px) 100vw, (min-width: 1129px) 381px, (min-width: 1037px) 571px, (min-width: 945px) 1037px, \" \/><\/a><\/div><\/div><div style=\"padding:14.5px;\" class=\"fusion-grid-column fusion-gallery-column fusion-gallery-column-3 hover-type-none\"><div class=\"fusion-gallery-image\"><a href=\"https:\/\/www.ericaturizam.hr\/wp-content\/uploads\/2017\/12\/Zabava_2.jpg\" rel=\"noreferrer\" data-rel=\"iLightbox[gallery_image_1]\" class=\"fusion-lightbox\" target=\"_self\"><img decoding=\"async\" src=\"https:\/\/www.ericaturizam.hr\/wp-content\/uploads\/2017\/12\/Zabava_2.jpg\" width=\"900\" height=\"600\" alt=\"\" title=\"Zabava_2\" aria-label=\"Zabava_2\" class=\"img-responsive wp-image-2060\" srcset=\"https:\/\/www.ericaturizam.hr\/wp-content\/uploads\/2017\/12\/Zabava_2-200x133.jpg 200w, https:\/\/www.ericaturizam.hr\/wp-content\/uploads\/2017\/12\/Zabava_2-400x267.jpg 400w, https:\/\/www.ericaturizam.hr\/wp-content\/uploads\/2017\/12\/Zabava_2-600x400.jpg 600w, https:\/\/www.ericaturizam.hr\/wp-content\/uploads\/2017\/12\/Zabava_2-800x533.jpg 800w, https:\/\/www.ericaturizam.hr\/wp-content\/uploads\/2017\/12\/Zabava_2.jpg 900w\" sizes=\"(min-width: 2200px) 100vw, (min-width: 1129px) 381px, (min-width: 1037px) 571px, (min-width: 945px) 1037px, \" \/><\/a><\/div><\/div><div style=\"padding:14.5px;\" class=\"fusion-grid-column fusion-gallery-column fusion-gallery-column-3 hover-type-none\"><div class=\"fusion-gallery-image\"><a href=\"https:\/\/www.ericaturizam.hr\/wp-content\/uploads\/2017\/12\/Zabava_3.jpg\" rel=\"noreferrer\" data-rel=\"iLightbox[gallery_image_1]\" class=\"fusion-lightbox\" target=\"_self\"><img decoding=\"async\" src=\"https:\/\/www.ericaturizam.hr\/wp-content\/uploads\/2017\/12\/Zabava_3.jpg\" width=\"900\" height=\"600\" alt=\"\" title=\"Zabava_3\" aria-label=\"Zabava_3\" class=\"img-responsive wp-image-2061\" srcset=\"https:\/\/www.ericaturizam.hr\/wp-content\/uploads\/2017\/12\/Zabava_3-200x133.jpg 200w, https:\/\/www.ericaturizam.hr\/wp-content\/uploads\/2017\/12\/Zabava_3-400x267.jpg 400w, https:\/\/www.ericaturizam.hr\/wp-content\/uploads\/2017\/12\/Zabava_3-600x400.jpg 600w, https:\/\/www.ericaturizam.hr\/wp-content\/uploads\/2017\/12\/Zabava_3-800x533.jpg 800w, https:\/\/www.ericaturizam.hr\/wp-content\/uploads\/2017\/12\/Zabava_3.jpg 900w\" sizes=\"(min-width: 2200px) 100vw, (min-width: 1129px) 381px, (min-width: 1037px) 571px, (min-width: 945px) 1037px, \" \/><\/a><\/div><\/div><div class=\"clearfix\"><\/div><\/div><\/div><div class=\"fusion-sep-clear\"><\/div><div class=\"fusion-separator fusion-clearfix\" style=\"float:left;margin-top:0px;margin-bottom:20px;width:100%;max-width:50px;\"><\/div><div class=\"fusion-sep-clear\"><\/div><div class=\"fusion-text fusion-text-2\"><p>Die meisten Leute werden zustimmen, dass die Abreise f\u00fcr den Urlaub eine lustige Aktivit\u00e4t ist.\u00a0Aber wenn man Monotonie und Passivit\u00e4t nachgibt, besteht die M\u00f6glichkeit, dass Sie nach der R\u00fcckkehr aus dem Urlaub einen Urlaub ben\u00f6tigen.<\/p>\n<p>Das Geheimnis, die kostbare Urlaubszeit zu verbessern, liegt in der Qualit\u00e4t Ihrer Zeit &#8211; zu tun, was wir\u00a0<strong>lieben<\/strong>\u00a0und was uns\u00a0<strong>zufrieden stellt<\/strong>, und vorzugsweise etwas\u00a0<strong>Neues<\/strong>.\u00a0Zum Gl\u00fcck bietet Istrien, in jeder Hinsicht vielf\u00e4ltig,\u00a0<strong>zahlreiche M\u00f6glichkeiten zum Spa\u00df<\/strong>.<\/p>\n<\/div><div class=\"fusion-sep-clear\"><\/div><div class=\"fusion-separator fusion-clearfix\" style=\"float:left;margin-top:0px;margin-bottom:1px;width:100%;max-width:50px;\"><\/div><div class=\"fusion-sep-clear\"><\/div><div class=\"awb-gallery-wrapper awb-gallery-wrapper-2 button-span-no\"><div style=\"margin:-14px;--awb-bordersize:0px;\" class=\"fusion-gallery fusion-gallery-container fusion-grid-3 fusion-columns-total-3 fusion-gallery-layout-grid fusion-gallery-2\"><div style=\"padding:14.5px;\" class=\"fusion-grid-column fusion-gallery-column fusion-gallery-column-3 hover-type-none\"><div class=\"fusion-gallery-image\"><a href=\"https:\/\/www.ericaturizam.hr\/wp-content\/uploads\/2017\/12\/Zabava_4.jpg\" rel=\"noreferrer\" data-rel=\"iLightbox[gallery_image_2]\" class=\"fusion-lightbox\" target=\"_self\"><img decoding=\"async\" src=\"https:\/\/www.ericaturizam.hr\/wp-content\/uploads\/2017\/12\/Zabava_4.jpg\" width=\"600\" height=\"900\" alt=\"\" title=\"Zabava_4\" aria-label=\"Zabava_4\" class=\"img-responsive wp-image-2064\" srcset=\"https:\/\/www.ericaturizam.hr\/wp-content\/uploads\/2017\/12\/Zabava_4-200x300.jpg 200w, https:\/\/www.ericaturizam.hr\/wp-content\/uploads\/2017\/12\/Zabava_4-400x600.jpg 400w, https:\/\/www.ericaturizam.hr\/wp-content\/uploads\/2017\/12\/Zabava_4.jpg 600w\" sizes=\"(min-width: 2200px) 100vw, (min-width: 1129px) 381px, (min-width: 1037px) 571px, (min-width: 945px) 1037px, \" \/><\/a><\/div><\/div><div style=\"padding:14.5px;\" class=\"fusion-grid-column fusion-gallery-column fusion-gallery-column-3 hover-type-none\"><div class=\"fusion-gallery-image\"><a href=\"https:\/\/www.ericaturizam.hr\/wp-content\/uploads\/2017\/12\/Zabava_5.jpg\" rel=\"noreferrer\" data-rel=\"iLightbox[gallery_image_2]\" class=\"fusion-lightbox\" target=\"_self\"><img decoding=\"async\" src=\"https:\/\/www.ericaturizam.hr\/wp-content\/uploads\/2017\/12\/Zabava_5.jpg\" width=\"600\" height=\"900\" alt=\"\" title=\"Zabava_5\" aria-label=\"Zabava_5\" class=\"img-responsive wp-image-2065\" srcset=\"https:\/\/www.ericaturizam.hr\/wp-content\/uploads\/2017\/12\/Zabava_5-200x300.jpg 200w, https:\/\/www.ericaturizam.hr\/wp-content\/uploads\/2017\/12\/Zabava_5-400x600.jpg 400w, https:\/\/www.ericaturizam.hr\/wp-content\/uploads\/2017\/12\/Zabava_5.jpg 600w\" sizes=\"(min-width: 2200px) 100vw, (min-width: 1129px) 381px, (min-width: 1037px) 571px, (min-width: 945px) 1037px, \" \/><\/a><\/div><\/div><div style=\"padding:14.5px;\" class=\"fusion-grid-column fusion-gallery-column fusion-gallery-column-3 hover-type-none\"><div class=\"fusion-gallery-image\"><a href=\"https:\/\/www.ericaturizam.hr\/wp-content\/uploads\/2017\/12\/Zabava_6.jpg\" rel=\"noreferrer\" data-rel=\"iLightbox[gallery_image_2]\" class=\"fusion-lightbox\" target=\"_self\"><img decoding=\"async\" src=\"https:\/\/www.ericaturizam.hr\/wp-content\/uploads\/2017\/12\/Zabava_6.jpg\" width=\"600\" height=\"900\" alt=\"\" title=\"Zabava_6\" aria-label=\"Zabava_6\" class=\"img-responsive wp-image-2066\" srcset=\"https:\/\/www.ericaturizam.hr\/wp-content\/uploads\/2017\/12\/Zabava_6-200x300.jpg 200w, https:\/\/www.ericaturizam.hr\/wp-content\/uploads\/2017\/12\/Zabava_6-400x600.jpg 400w, https:\/\/www.ericaturizam.hr\/wp-content\/uploads\/2017\/12\/Zabava_6.jpg 600w\" sizes=\"(min-width: 2200px) 100vw, (min-width: 1129px) 381px, (min-width: 1037px) 571px, (min-width: 945px) 1037px, \" \/><\/a><\/div><\/div><div class=\"clearfix\"><\/div><\/div><\/div><div class=\"fusion-clearfix\"><\/div><\/div><\/div><\/div><\/div><div class=\"fusion-fullwidth fullwidth-box fusion-builder-row-2 nonhundred-percent-fullwidth non-hundred-percent-height-scrolling\" style=\"--awb-background-position:center top;--awb-border-radius-top-left:0px;--awb-border-radius-top-right:0px;--awb-border-radius-bottom-right:0px;--awb-border-radius-bottom-left:0px;--awb-padding-top:0px;--awb-padding-right:30px;--awb-padding-bottom:0px;--awb-padding-left:30px;--awb-background-color:#f4f4f4;--awb-border-sizes-top:0px;--awb-border-sizes-bottom:0px;--awb-flex-wrap:wrap;\" ><div class=\"fusion-builder-row fusion-row\"><div class=\"fusion-layout-column fusion_builder_column fusion-builder-column-1 fusion_builder_column_1_1 1_1 fusion-one-full fusion-column-first fusion-column-last fusion-column-no-min-height\" style=\"--awb-bg-size:cover;--awb-margin-bottom:0px;\"><div class=\"fusion-column-wrapper fusion-flex-column-wrapper-legacy\"><div class=\"fusion-text fusion-text-3\"><h3 style=\"text-align: center;\">Wie man Spa\u00df in Istrien hat<\/h3>\n<\/div><div class=\"fusion-sep-clear\"><\/div><div class=\"fusion-separator\" style=\"margin-left: auto;margin-right: auto;margin-top:0px;margin-bottom:30px;width:100%;max-width:50px;\"><div class=\"fusion-separator-border sep-single sep-solid\" style=\"--awb-height:20px;--awb-amount:20px;--awb-sep-color:#cbaa5c;border-color:#cbaa5c;border-top-width:1px;\"><\/div><\/div><div class=\"fusion-sep-clear\"><\/div><div class=\"fusion-text fusion-text-4\"><p>Spa\u00df ist eine der wichtigsten &#8222;Zutaten&#8220; f\u00fcr einen gelungenen Urlaub.\u00a0Ein Tag mit interessanten Erfahrungen gef\u00fcllt ist wahrscheinlich mehr Spa\u00df ein w\u00e4hrend wen Sie sich am Strand\u00a0entspannen.\u00a0Daher versuche:<\/p>\n<\/div><div class=\"fusion-clearfix\"><\/div><\/div><\/div><div class=\"fusion-layout-column fusion_builder_column fusion-builder-column-2 fusion_builder_column_1_2 1_2 fusion-one-half fusion-column-first\" style=\"--awb-padding-right:20px;--awb-padding-left:20px;--awb-bg-size:cover;width:48%; margin-right: 4%;\"><div class=\"fusion-column-wrapper fusion-flex-column-wrapper-legacy\"><ul style=\"--awb-iconcolor:#cbaa5c;--awb-line-height:23.8px;--awb-icon-width:23.8px;--awb-icon-height:23.8px;--awb-icon-margin:9.8px;--awb-content-margin:33.6px;\" class=\"fusion-checklist fusion-checklist-1 fusion-checklist-default type-icons\"><li class=\"fusion-li-item\" style=\"\"><span class=\"icon-wrapper circle-no\"><i class=\"fusion-li-icon fa fa-music\" aria-hidden=\"true\"><\/i><\/span><div class=\"fusion-li-item-content\">\n<p>erkundenIstrien aus der Sicht eines Vogels in\u00a0<strong>Aeropark<\/strong>\u00a0Vrsar<\/p>\n<\/div><\/li><li class=\"fusion-li-item\" style=\"\"><span class=\"icon-wrapper circle-no\"><i class=\"fusion-li-icon fa fa-music\" aria-hidden=\"true\"><\/i><\/span><div class=\"fusion-li-item-content\">\n<p>abspielen\u00a0<strong>Aqua-Golf<\/strong>\u00a0in\u00a0Pula<\/p>\n<\/div><\/li><li class=\"fusion-li-item\" style=\"\"><span class=\"icon-wrapper circle-no\"><i class=\"fusion-li-icon fa fa-music\" aria-hidden=\"true\"><\/i><\/span><div class=\"fusion-li-item-content\">\n<p>Besuch\u00a0Wasserpark\u00a0<strong>Aquacolors<\/strong>\u00a0in Pore\u010d oder\u00a0<strong>Istralandien<\/strong>\u00a0in der N\u00e4he von\u00a0Novigrad<\/p>\n<\/div><\/li><li class=\"fusion-li-item\" style=\"\"><span class=\"icon-wrapper circle-no\"><i class=\"fusion-li-icon fa fa-music\" aria-hidden=\"true\"><\/i><\/span><div class=\"fusion-li-item-content\">\n<p>Viel\u00a0Spa\u00df bei einem\u00a0<strong>Strand-<\/strong>\u00a0<strong>Party<\/strong>\u00a0an einem der zahlreichen istrischen Str\u00e4nde<\/p>\n<\/div><\/li><li class=\"fusion-li-item\" style=\"\"><span class=\"icon-wrapper circle-no\"><i class=\"fusion-li-icon fa fa-music\" aria-hidden=\"true\"><\/i><\/span><div class=\"fusion-li-item-content\">\n<p>versuche\u00a0den Fluchtweg zu finden\u00a0<strong>Enigmarium<\/strong>\u00a0oder Schloss\u00a0<strong>Escape Castle Svetvin\u010denat<\/strong><\/p>\n<\/div><\/li><li class=\"fusion-li-item\" style=\"\"><span class=\"icon-wrapper circle-no\"><i class=\"fusion-li-icon fa fa-music\" aria-hidden=\"true\"><\/i><\/span><div class=\"fusion-li-item-content\">\n<p>spielen\u00a0Alpha Strike\u00a0<strong>Laser Tag<\/strong>\u00a0in\u00a0Pula\u00a0oder\u00a0Point Flash\u00a0<strong>Paintball<\/strong>\u00a0in Rovinj<\/p>\n<\/div><\/li><\/ul><div class=\"fusion-clearfix\"><\/div><\/div><\/div><div class=\"fusion-layout-column fusion_builder_column fusion-builder-column-3 fusion_builder_column_1_2 1_2 fusion-one-half fusion-column-last\" style=\"--awb-padding-right:20px;--awb-padding-left:20px;--awb-bg-size:cover;width:48%;\"><div class=\"fusion-column-wrapper fusion-flex-column-wrapper-legacy\"><ul style=\"--awb-iconcolor:#cbaa5c;--awb-line-height:23.8px;--awb-icon-width:23.8px;--awb-icon-height:23.8px;--awb-icon-margin:9.8px;--awb-content-margin:33.6px;\" class=\"fusion-checklist fusion-checklist-2 fusion-checklist-default type-icons\"><li class=\"fusion-li-item\" style=\"\"><span class=\"icon-wrapper circle-no\"><i class=\"fusion-li-icon fa fa-music\" aria-hidden=\"true\"><\/i><\/span><div class=\"fusion-li-item-content\">\n<p>erkunden\u00a0<strong>Unterwasserpark<\/strong>\u00a0Verudela<\/p>\n<\/div><\/li><li class=\"fusion-li-item\" style=\"\"><span class=\"icon-wrapper circle-no\"><i class=\"fusion-li-icon fa fa-music\" aria-hidden=\"true\"><\/i><\/span><div class=\"fusion-li-item-content\">\n<p>Versuchen\u00a0<strong>Tr\u00fcffel sammeln<\/strong>\u00a0in\u00a0Livade\u00a0in der N\u00e4he von\u00a0Motovun<\/p>\n<\/div><\/li><li class=\"fusion-li-item\" style=\"\"><span class=\"icon-wrapper circle-no\"><i class=\"fusion-li-icon fa fa-music\" aria-hidden=\"true\"><\/i><\/span><div class=\"fusion-li-item-content\">\n<p>zur\u00fcck\u00a0in die Vergangenheit in\u00a0<strong>Dino Park<\/strong>\u00a0in der N\u00e4he von\u00a0Funtana\u00a0oder\u00a0<strong>der Mittelalter-Themenpark<\/strong>\u00a0St.\u00a0Michael in der\u00a0N\u00e4he von\u00a0Svetvin\u010dent<\/p>\n<\/div><\/li><li class=\"fusion-li-item\" style=\"\"><span class=\"icon-wrapper circle-no\"><i class=\"fusion-li-icon fa fa-music\" aria-hidden=\"true\"><\/i><\/span><div class=\"fusion-li-item-content\">\n<p>versuche\u00a0dein Gl\u00fcck in\u00a0<strong>Luckia<\/strong>\u00a0<strong>Casino<\/strong>\u00a0Pula<\/p>\n<\/div><\/li><li class=\"fusion-li-item\" style=\"\"><span class=\"icon-wrapper circle-no\"><i class=\"fusion-li-icon fa fa-music\" aria-hidden=\"true\"><\/i><\/span><div class=\"fusion-li-item-content\">\n<p>Versuchen\u00a0<strong>Go<\/strong>\u00a0&#8211;\u00a0<strong>Kart<\/strong>\u00a0in\u00a0KartCross\u00a0Pore\u010d\u00a0oder Green Garden Carting\u00a0Pula<\/p>\n<\/div><\/li><li class=\"fusion-li-item\" style=\"\"><span class=\"icon-wrapper circle-no\"><i class=\"fusion-li-icon fa fa-music\" aria-hidden=\"true\"><\/i><\/span><div class=\"fusion-li-item-content\">\n<p>schmecken\u00a0die ultimative Aufregung in einem\u00a0<strong>Adrenalinpark<\/strong>\u00a0in\u00a0Medulin, Umag oder Glavane<\/p>\n<\/div><\/li><\/ul><div class=\"fusion-clearfix\"><\/div><\/div><\/div><\/div><\/div><\/p>\n","protected":false},"excerpt":{"rendered":"","protected":false},"author":1,"featured_media":0,"parent":0,"menu_order":0,"comment_status":"closed","ping_status":"closed","template":"","meta":{"_acf_changed":false,"footnotes":""},"class_list":["post-2367","page","type-page","status-publish","hentry"],"acf":[],"yoast_head":"<!-- This site is optimized with the Yoast SEO plugin v27.3 - https:\/\/yoast.com\/product\/yoast-seo-wordpress\/ -->\n<title>Ein Urlaub mit einem L\u00e4cheln - Erica turizam<\/title>\n<meta name=\"robots\" content=\"index, follow, max-snippet:-1, max-image-preview:large, max-video-preview:-1\" \/>\n<link rel=\"canonical\" href=\"https:\/\/www.ericaturizam.hr\/de\/odmor-s-osmijehom\/\" \/>\n<meta property=\"og:locale\" content=\"de_DE\" \/>\n<meta property=\"og:type\" content=\"article\" \/>\n<meta property=\"og:title\" content=\"Ein Urlaub mit einem L\u00e4cheln - Erica turizam\" \/>\n<meta property=\"og:url\" content=\"https:\/\/www.ericaturizam.hr\/de\/odmor-s-osmijehom\/\" \/>\n<meta property=\"og:site_name\" content=\"Erica turizam\" \/>\n<meta property=\"article:modified_time\" content=\"2017-12-19T19:01:14+00:00\" \/>\n<meta name=\"twitter:card\" content=\"summary_large_image\" \/>\n<meta name=\"twitter:label1\" content=\"Gesch\u00e4tzte Lesezeit\" \/>\n\t<meta name=\"twitter:data1\" content=\"6\u00a0Minuten\" \/>\n<script type=\"application\/ld+json\" class=\"yoast-schema-graph\">{\"@context\":\"https:\\\/\\\/schema.org\",\"@graph\":[{\"@type\":\"WebPage\",\"@id\":\"https:\\\/\\\/www.ericaturizam.hr\\\/de\\\/odmor-s-osmijehom\\\/\",\"url\":\"https:\\\/\\\/www.ericaturizam.hr\\\/de\\\/odmor-s-osmijehom\\\/\",\"name\":\"Ein Urlaub mit einem L\u00e4cheln - Erica turizam\",\"isPartOf\":{\"@id\":\"https:\\\/\\\/www.ericaturizam.hr\\\/hr\\\/#website\"},\"datePublished\":\"2017-12-13T20:10:35+00:00\",\"dateModified\":\"2017-12-19T19:01:14+00:00\",\"breadcrumb\":{\"@id\":\"https:\\\/\\\/www.ericaturizam.hr\\\/de\\\/odmor-s-osmijehom\\\/#breadcrumb\"},\"inLanguage\":\"de\",\"potentialAction\":[{\"@type\":\"ReadAction\",\"target\":[\"https:\\\/\\\/www.ericaturizam.hr\\\/de\\\/odmor-s-osmijehom\\\/\"]}]},{\"@type\":\"BreadcrumbList\",\"@id\":\"https:\\\/\\\/www.ericaturizam.hr\\\/de\\\/odmor-s-osmijehom\\\/#breadcrumb\",\"itemListElement\":[{\"@type\":\"ListItem\",\"position\":1,\"name\":\"Po\u010detna stranica\",\"item\":\"https:\\\/\\\/www.ericaturizam.hr\\\/de\\\/\"},{\"@type\":\"ListItem\",\"position\":2,\"name\":\"Ein Urlaub mit einem L\u00e4cheln\"}]},{\"@type\":\"WebSite\",\"@id\":\"https:\\\/\\\/www.ericaturizam.hr\\\/hr\\\/#website\",\"url\":\"https:\\\/\\\/www.ericaturizam.hr\\\/hr\\\/\",\"name\":\"Erica turizam\",\"description\":\"apartments &amp; holiday mobile homes\",\"potentialAction\":[{\"@type\":\"SearchAction\",\"target\":{\"@type\":\"EntryPoint\",\"urlTemplate\":\"https:\\\/\\\/www.ericaturizam.hr\\\/hr\\\/?s={search_term_string}\"},\"query-input\":{\"@type\":\"PropertyValueSpecification\",\"valueRequired\":true,\"valueName\":\"search_term_string\"}}],\"inLanguage\":\"de\"}]}<\/script>\n<!-- \/ Yoast SEO plugin. -->","yoast_head_json":{"title":"Ein Urlaub mit einem L\u00e4cheln - Erica turizam","robots":{"index":"index","follow":"follow","max-snippet":"max-snippet:-1","max-image-preview":"max-image-preview:large","max-video-preview":"max-video-preview:-1"},"canonical":"https:\/\/www.ericaturizam.hr\/de\/odmor-s-osmijehom\/","og_locale":"de_DE","og_type":"article","og_title":"Ein Urlaub mit einem L\u00e4cheln - Erica turizam","og_url":"https:\/\/www.ericaturizam.hr\/de\/odmor-s-osmijehom\/","og_site_name":"Erica turizam","article_modified_time":"2017-12-19T19:01:14+00:00","twitter_card":"summary_large_image","twitter_misc":{"Gesch\u00e4tzte Lesezeit":"6\u00a0Minuten"},"schema":{"@context":"https:\/\/schema.org","@graph":[{"@type":"WebPage","@id":"https:\/\/www.ericaturizam.hr\/de\/odmor-s-osmijehom\/","url":"https:\/\/www.ericaturizam.hr\/de\/odmor-s-osmijehom\/","name":"Ein Urlaub mit einem L\u00e4cheln - Erica turizam","isPartOf":{"@id":"https:\/\/www.ericaturizam.hr\/hr\/#website"},"datePublished":"2017-12-13T20:10:35+00:00","dateModified":"2017-12-19T19:01:14+00:00","breadcrumb":{"@id":"https:\/\/www.ericaturizam.hr\/de\/odmor-s-osmijehom\/#breadcrumb"},"inLanguage":"de","potentialAction":[{"@type":"ReadAction","target":["https:\/\/www.ericaturizam.hr\/de\/odmor-s-osmijehom\/"]}]},{"@type":"BreadcrumbList","@id":"https:\/\/www.ericaturizam.hr\/de\/odmor-s-osmijehom\/#breadcrumb","itemListElement":[{"@type":"ListItem","position":1,"name":"Po\u010detna stranica","item":"https:\/\/www.ericaturizam.hr\/de\/"},{"@type":"ListItem","position":2,"name":"Ein Urlaub mit einem L\u00e4cheln"}]},{"@type":"WebSite","@id":"https:\/\/www.ericaturizam.hr\/hr\/#website","url":"https:\/\/www.ericaturizam.hr\/hr\/","name":"Erica turizam","description":"apartments &amp; holiday mobile homes","potentialAction":[{"@type":"SearchAction","target":{"@type":"EntryPoint","urlTemplate":"https:\/\/www.ericaturizam.hr\/hr\/?s={search_term_string}"},"query-input":{"@type":"PropertyValueSpecification","valueRequired":true,"valueName":"search_term_string"}}],"inLanguage":"de"}]}},"_links":{"self":[{"href":"https:\/\/www.ericaturizam.hr\/de\/wp-json\/wp\/v2\/pages\/2367","targetHints":{"allow":["GET"]}}],"collection":[{"href":"https:\/\/www.ericaturizam.hr\/de\/wp-json\/wp\/v2\/pages"}],"about":[{"href":"https:\/\/www.ericaturizam.hr\/de\/wp-json\/wp\/v2\/types\/page"}],"author":[{"embeddable":true,"href":"https:\/\/www.ericaturizam.hr\/de\/wp-json\/wp\/v2\/users\/1"}],"replies":[{"embeddable":true,"href":"https:\/\/www.ericaturizam.hr\/de\/wp-json\/wp\/v2\/comments?post=2367"}],"version-history":[{"count":4,"href":"https:\/\/www.ericaturizam.hr\/de\/wp-json\/wp\/v2\/pages\/2367\/revisions"}],"predecessor-version":[{"id":2410,"href":"https:\/\/www.ericaturizam.hr\/de\/wp-json\/wp\/v2\/pages\/2367\/revisions\/2410"}],"wp:attachment":[{"href":"https:\/\/www.ericaturizam.hr\/de\/wp-json\/wp\/v2\/media?parent=2367"}],"curies":[{"name":"wp","href":"https:\/\/api.w.org\/{rel}","templated":true}]}}