{"id":2254,"date":"2017-12-13T22:12:32","date_gmt":"2017-12-13T21:12:32","guid":{"rendered":"https:\/\/www.ericaturizam.hr\/o-nama\/"},"modified":"2017-12-19T23:45:25","modified_gmt":"2017-12-19T22:45:25","slug":"o-nama","status":"publish","type":"page","link":"https:\/\/www.ericaturizam.hr\/de\/o-nama\/","title":{"rendered":"\u00dcber uns"},"content":{"rendered":"<p><div class=\"fusion-fullwidth fullwidth-box fusion-builder-row-1 nonhundred-percent-fullwidth non-hundred-percent-height-scrolling\" style=\"--awb-background-position:left top;--awb-border-radius-top-left:0px;--awb-border-radius-top-right:0px;--awb-border-radius-bottom-right:0px;--awb-border-radius-bottom-left:0px;--awb-padding-top:0px;--awb-padding-bottom:35px;--awb-border-sizes-top:0px;--awb-border-sizes-bottom:0px;--awb-flex-wrap:wrap;\" ><div class=\"fusion-builder-row fusion-row\"><div class=\"fusion-layout-column fusion_builder_column fusion-builder-column-0 fusion_builder_column_1_1 1_1 fusion-one-full fusion-column-first fusion-column-last stranice_clanak_prvi\" style=\"--awb-bg-position:right bottom;--awb-bg-size:cover;\"><div class=\"fusion-column-wrapper fusion-flex-column-wrapper-legacy\"><div class=\"fusion-sep-clear\"><\/div><div class=\"fusion-separator fusion-clearfix\" style=\"float:left;margin-top:0px;margin-bottom:20px;width:100%;max-width:50px;\"><div class=\"fusion-separator-border sep-single sep-solid\" style=\"--awb-height:20px;--awb-amount:20px;--awb-sep-color:#cbaa5c;border-color:#cbaa5c;border-top-width:1px;\"><\/div><\/div><div class=\"fusion-sep-clear\"><\/div><div class=\"fusion-text fusion-text-1\"><h3 style=\"text-align: justify;\">Wir haben es uns zur Aufgabe gemacht, ein einzigartiges und authentisches Urlaubserlebnis zu bieten, indem wir ein vielf\u00e4ltiges Portfolio von Unterk\u00fcnften mit makellosem Service kombinieren<\/h3>\n<\/div><div class=\"fusion-sep-clear\"><\/div><div class=\"fusion-separator fusion-clearfix\" style=\"float:left;margin-top:0px;margin-bottom:20px;width:100%;max-width:50px;\"><\/div><div class=\"fusion-sep-clear\"><\/div><div class=\"awb-gallery-wrapper awb-gallery-wrapper-1 button-span-no\"><div style=\"margin:-14px;--awb-bordersize:0px;\" class=\"fusion-gallery fusion-gallery-container fusion-grid-3 fusion-columns-total-3 fusion-gallery-layout-grid fusion-gallery-1\"><div style=\"padding:14.5px;\" class=\"fusion-grid-column fusion-gallery-column fusion-gallery-column-3 hover-type-none\"><div class=\"fusion-gallery-image\"><a href=\"https:\/\/www.ericaturizam.hr\/wp-content\/uploads\/2017\/12\/O_nama_1-1.jpg\" rel=\"noreferrer\" data-rel=\"iLightbox[gallery_image_1]\" class=\"fusion-lightbox\" target=\"_self\"><img decoding=\"async\" src=\"https:\/\/www.ericaturizam.hr\/wp-content\/uploads\/2017\/12\/O_nama_1-1.jpg\" width=\"900\" height=\"600\" alt=\"\" title=\"O_nama_1\" aria-label=\"O_nama_1\" class=\"img-responsive wp-image-2128\" srcset=\"https:\/\/www.ericaturizam.hr\/wp-content\/uploads\/2017\/12\/O_nama_1-1-200x133.jpg 200w, https:\/\/www.ericaturizam.hr\/wp-content\/uploads\/2017\/12\/O_nama_1-1-400x267.jpg 400w, https:\/\/www.ericaturizam.hr\/wp-content\/uploads\/2017\/12\/O_nama_1-1-600x400.jpg 600w, https:\/\/www.ericaturizam.hr\/wp-content\/uploads\/2017\/12\/O_nama_1-1-800x533.jpg 800w, https:\/\/www.ericaturizam.hr\/wp-content\/uploads\/2017\/12\/O_nama_1-1.jpg 900w\" sizes=\"(min-width: 2200px) 100vw, (min-width: 1129px) 381px, (min-width: 1037px) 571px, (min-width: 945px) 1037px, \" \/><\/a><\/div><\/div><div style=\"padding:14.5px;\" class=\"fusion-grid-column fusion-gallery-column fusion-gallery-column-3 hover-type-none\"><div class=\"fusion-gallery-image\"><a href=\"https:\/\/www.ericaturizam.hr\/wp-content\/uploads\/2017\/12\/O_nama_3.jpg\" rel=\"noreferrer\" data-rel=\"iLightbox[gallery_image_1]\" class=\"fusion-lightbox\" target=\"_self\"><img decoding=\"async\" src=\"https:\/\/www.ericaturizam.hr\/wp-content\/uploads\/2017\/12\/O_nama_3.jpg\" width=\"900\" height=\"600\" alt=\"\" title=\"O_nama_3\" aria-label=\"O_nama_3\" class=\"img-responsive wp-image-2125\" srcset=\"https:\/\/www.ericaturizam.hr\/wp-content\/uploads\/2017\/12\/O_nama_3-200x133.jpg 200w, https:\/\/www.ericaturizam.hr\/wp-content\/uploads\/2017\/12\/O_nama_3-400x267.jpg 400w, https:\/\/www.ericaturizam.hr\/wp-content\/uploads\/2017\/12\/O_nama_3-600x400.jpg 600w, https:\/\/www.ericaturizam.hr\/wp-content\/uploads\/2017\/12\/O_nama_3-800x533.jpg 800w, https:\/\/www.ericaturizam.hr\/wp-content\/uploads\/2017\/12\/O_nama_3.jpg 900w\" sizes=\"(min-width: 2200px) 100vw, (min-width: 1129px) 381px, (min-width: 1037px) 571px, (min-width: 945px) 1037px, \" \/><\/a><\/div><\/div><div style=\"padding:14.5px;\" class=\"fusion-grid-column fusion-gallery-column fusion-gallery-column-3 hover-type-none\"><div class=\"fusion-gallery-image\"><a href=\"https:\/\/www.ericaturizam.hr\/wp-content\/uploads\/2017\/12\/O_nama_2.jpg\" rel=\"noreferrer\" data-rel=\"iLightbox[gallery_image_1]\" class=\"fusion-lightbox\" target=\"_self\"><img decoding=\"async\" src=\"https:\/\/www.ericaturizam.hr\/wp-content\/uploads\/2017\/12\/O_nama_2.jpg\" width=\"900\" height=\"600\" alt=\"\" title=\"O_nama_2\" aria-label=\"O_nama_2\" class=\"img-responsive wp-image-2124\" srcset=\"https:\/\/www.ericaturizam.hr\/wp-content\/uploads\/2017\/12\/O_nama_2-200x133.jpg 200w, https:\/\/www.ericaturizam.hr\/wp-content\/uploads\/2017\/12\/O_nama_2-400x267.jpg 400w, https:\/\/www.ericaturizam.hr\/wp-content\/uploads\/2017\/12\/O_nama_2-600x400.jpg 600w, https:\/\/www.ericaturizam.hr\/wp-content\/uploads\/2017\/12\/O_nama_2-800x533.jpg 800w, https:\/\/www.ericaturizam.hr\/wp-content\/uploads\/2017\/12\/O_nama_2.jpg 900w\" sizes=\"(min-width: 2200px) 100vw, (min-width: 1129px) 381px, (min-width: 1037px) 571px, (min-width: 945px) 1037px, \" \/><\/a><\/div><\/div><div class=\"clearfix\"><\/div><\/div><\/div><div class=\"fusion-sep-clear\"><\/div><div class=\"fusion-separator fusion-clearfix\" style=\"float:left;margin-top:0px;margin-bottom:20px;width:100%;max-width:50px;\"><\/div><div class=\"fusion-sep-clear\"><\/div><div class=\"fusion-text fusion-text-2\"><p style=\"text-align: justify;\">Erica Turizam ist eine Gesellschaft, die gegr\u00fcndet wurde, um eine Vielzahl von hochwertigen Unterk\u00fcnften f\u00fcr Besucher zu bieten, die eine au\u00dfergew\u00f6hnliche Erfahrung in Novigrad, den umliegenden St\u00e4dten und ganz Istrien w\u00fcnschen.\u00a0Wir zeichnen uns aus durch unser volles Engagement f\u00fcr unsere G\u00e4ste und deren Bed\u00fcrfnisse, sowie unseren Service, der durch viel Liebe zum Detail unterstrichen wird. Seit seiner Gr\u00fcndung im Jahr 2006 hat\u00a0Erica Turizam sein Angebot kontinuierlich erweitert.\u00a0Unser Expertenteam arbeitet kontinuierlich an der Verbesserung der Service- und\u00a0Supportqualit\u00e4t, die\u00a0wir anbieten. Das best\u00e4tigen die Bewertungen, die positiven Kommentare unserer Besucher und eine wachsende\u00a0Anzahl von G\u00e4sten, die f\u00fcr einige Jahre zur\u00fcckkehren.<\/p>\n<\/div><div class=\"fusion-sep-clear\"><\/div><div class=\"fusion-separator fusion-clearfix\" style=\"float:left;margin-top:0px;margin-bottom:1px;width:100%;max-width:50px;\"><\/div><div class=\"fusion-sep-clear\"><\/div><div class=\"fusion-content-boxes content-boxes columns row fusion-columns-2 fusion-columns-total-4 fusion-content-boxes-1 content-boxes-icon-on-side content-left\" style=\"--awb-margin-bottom:13px;--awb-hover-accent-color:#cbaa5c;--awb-circle-hover-accent-color:#cbaa5c;\" data-animationOffset=\"top-into-view\"><div style=\"--awb-backgroundcolor:#ffffff;--awb-content-padding-left:62px;\" class=\"fusion-column content-box-column content-box-column content-box-column-1 col-lg-6 col-md-6 col-sm-6 fusion-content-box-hover content-box-column-first-in-row\"><div class=\"col content-box-wrapper content-wrapper-background link-area-box icon-hover-animation-pulsate\" data-animationOffset=\"top-into-view\"><div class=\"heading heading-with-icon icon-left\"><div class=\"icon\"><i style=\"border-color:rgba(255,255,255,0);border-width:0px;background-color:#cbaa5c;box-sizing:content-box;height:42px;width:42px;line-height:42px;border-radius:50%;font-size:21px;\" aria-hidden=\"true\" class=\"fontawesome-icon fa fa-cog circle-yes\"><\/i><\/div><h2 class=\"content-box-heading fusion-responsive-typography-calculated\" style=\"--h2_typography-font-size:24px;--fontSize:24;line-height:1.69;padding-left:62px;\">Eigenes Portfolio<\/h2><\/div><div class=\"fusion-clearfix\"><\/div><div class=\"content-container\">Jede Wohnung wurde sorgf\u00e4ltig eingerichtet und sorgf\u00e4ltig nach unseren hohen Qualit\u00e4tsstandards gepflegt.<\/div><\/div><\/div><div style=\"--awb-backgroundcolor:#ffffff;--awb-content-padding-left:62px;\" class=\"fusion-column content-box-column content-box-column content-box-column-2 col-lg-6 col-md-6 col-sm-6 fusion-content-box-hover content-box-column-last-in-row\"><div class=\"col content-box-wrapper content-wrapper-background link-area-box icon-hover-animation-pulsate\" data-animationOffset=\"top-into-view\"><div class=\"heading heading-with-icon icon-left\"><div class=\"icon\"><i style=\"border-color:rgba(255,255,255,0);border-width:0px;background-color:#cbaa5c;box-sizing:content-box;height:42px;width:42px;line-height:42px;border-radius:50%;font-size:21px;\" aria-hidden=\"true\" class=\"fontawesome-icon fa fa-cog circle-yes\"><\/i><\/div><h2 class=\"content-box-heading fusion-responsive-typography-calculated\" style=\"--h2_typography-font-size:24px;--fontSize:24;line-height:1.69;padding-left:62px;\">Authentische Erfahrungen<\/h2><\/div><div class=\"fusion-clearfix\"><\/div><div class=\"content-container\">\n<p>Mit gro\u00dfer Freude k\u00f6nnen wir Ihnen Ratschl\u00e4ge geben, wie Sie das Beste von Istrien erleben k\u00f6nnen.<\/p>\n<\/div><\/div><\/div><div style=\"--awb-backgroundcolor:#ffffff;--awb-content-padding-left:62px;\" class=\"fusion-column content-box-column content-box-column content-box-column-3 col-lg-6 col-md-6 col-sm-6 fusion-content-box-hover content-box-column-first-in-row\"><div class=\"col content-box-wrapper content-wrapper-background link-area-box icon-hover-animation-pulsate\" data-animationOffset=\"top-into-view\"><div class=\"heading heading-with-icon icon-left\"><div class=\"icon\"><i style=\"border-color:rgba(255,255,255,0);border-width:0px;background-color:#cbaa5c;box-sizing:content-box;height:42px;width:42px;line-height:42px;border-radius:50%;font-size:21px;\" aria-hidden=\"true\" class=\"fontawesome-icon fa fa-cog circle-yes\"><\/i><\/div><h2 class=\"content-box-heading fusion-responsive-typography-calculated\" style=\"--h2_typography-font-size:24px;--fontSize:24;line-height:1.69;padding-left:62px;\">Viele Jahre Erfahrung<\/h2><\/div><div class=\"fusion-clearfix\"><\/div><div class=\"content-container\">\n<p>Wir garantieren Professionalit\u00e4t bei jedem Schritt des Weges, wenn Sie unsere Unterkunft buchen.<\/p>\n<\/div><\/div><\/div><div style=\"--awb-backgroundcolor:#ffffff;--awb-content-padding-left:62px;\" class=\"fusion-column content-box-column content-box-column content-box-column-4 col-lg-6 col-md-6 col-sm-6 fusion-content-box-hover content-box-column-last content-box-column-last-in-row\"><div class=\"col content-box-wrapper content-wrapper-background link-area-box icon-hover-animation-pulsate\" data-animationOffset=\"top-into-view\"><div class=\"heading heading-with-icon icon-left\"><div class=\"icon\"><i style=\"border-color:rgba(255,255,255,0);border-width:0px;background-color:#cbaa5c;box-sizing:content-box;height:42px;width:42px;line-height:42px;border-radius:50%;font-size:21px;\" aria-hidden=\"true\" class=\"fontawesome-icon fa fa-cog circle-yes\"><\/i><\/div><h2 class=\"content-box-heading fusion-responsive-typography-calculated\" style=\"--h2_typography-font-size:24px;--fontSize:24;line-height:1.69;padding-left:62px;\">Ein pers\u00f6nlicher Ansatz<\/h2><\/div><div class=\"fusion-clearfix\"><\/div><div class=\"content-container\">\n<p>Wir bieten g\u00fcnstige Unterkunftspreise.\u00a0Unser gesamtes Engagement f\u00fcr unsere G\u00e4ste ist kostenlos.<\/p>\n<\/div><\/div><\/div><div class=\"fusion-clearfix\"><\/div><\/div><div class=\"fusion-clearfix\"><\/div><\/div><\/div><\/div><\/div><div class=\"fusion-fullwidth fullwidth-box fusion-builder-row-2 nonhundred-percent-fullwidth non-hundred-percent-height-scrolling\" style=\"--awb-background-position:center top;--awb-border-radius-top-left:0px;--awb-border-radius-top-right:0px;--awb-border-radius-bottom-right:0px;--awb-border-radius-bottom-left:0px;--awb-padding-top:0px;--awb-padding-right:30px;--awb-padding-bottom:0px;--awb-padding-left:30px;--awb-background-color:#f4f4f4;--awb-border-sizes-top:0px;--awb-border-sizes-bottom:0px;--awb-flex-wrap:wrap;\" ><div class=\"fusion-builder-row fusion-row\"><div class=\"fusion-layout-column fusion_builder_column fusion-builder-column-1 fusion_builder_column_1_1 1_1 fusion-one-full fusion-column-first fusion-column-last fusion-column-no-min-height\" style=\"--awb-bg-size:cover;--awb-margin-bottom:0px;\"><div class=\"fusion-column-wrapper fusion-flex-column-wrapper-legacy\"><div class=\"fusion-text fusion-text-3\"><h5 style=\"text-align: center;\"><span id=\"result_box\" class=\"\" lang=\"de\"><span class=\"\">Firmendaten<\/span><\/span><\/h5>\n<\/div><div class=\"fusion-sep-clear\"><\/div><div class=\"fusion-separator\" style=\"margin-left: auto;margin-right: auto;margin-top:0px;margin-bottom:30px;width:100%;max-width:50px;\"><div class=\"fusion-separator-border sep-single sep-solid\" style=\"--awb-height:20px;--awb-amount:20px;--awb-sep-color:#cbaa5c;border-color:#cbaa5c;border-top-width:1px;\"><\/div><\/div><div class=\"fusion-sep-clear\"><\/div><div class=\"fusion-text fusion-text-4\"><div id=\"gt-res-content\">\n<div id=\"gt-res-dir-ctr\" class=\"trans-verified-button-small\" dir=\"ltr\"><span id=\"result_box\" class=\"\" lang=\"de\"><span class=\"\">ERICA TOURIZAM d.o.o., Zagorska 16, HR-52470 Novigrad, OIB: 47928361295, Eingetragen beim Handelsgericht in Pazin, Stammkapital: HRK 20.000,00, Gr\u00fcnder \/ Mitglieder der Gesellschaft: Ivo \u017duvela und Antea \u017duvela<\/span><\/span><\/div>\n<\/div>\n<\/div><div class=\"fusion-clearfix\"><\/div><\/div><\/div><\/div><\/div><\/p>\n","protected":false},"excerpt":{"rendered":"","protected":false},"author":1,"featured_media":0,"parent":0,"menu_order":0,"comment_status":"closed","ping_status":"closed","template":"","meta":{"_acf_changed":false,"footnotes":""},"class_list":["post-2254","page","type-page","status-publish","hentry"],"acf":[],"yoast_head":"<!-- This site is optimized with the Yoast SEO plugin v27.3 - https:\/\/yoast.com\/product\/yoast-seo-wordpress\/ -->\n<title>\u00dcber uns - Erica turizam<\/title>\n<meta name=\"robots\" content=\"index, follow, max-snippet:-1, max-image-preview:large, max-video-preview:-1\" \/>\n<link rel=\"canonical\" href=\"https:\/\/www.ericaturizam.hr\/de\/o-nama\/\" \/>\n<meta property=\"og:locale\" content=\"de_DE\" \/>\n<meta property=\"og:type\" content=\"article\" \/>\n<meta property=\"og:title\" content=\"\u00dcber uns - Erica turizam\" \/>\n<meta property=\"og:url\" content=\"https:\/\/www.ericaturizam.hr\/de\/o-nama\/\" \/>\n<meta property=\"og:site_name\" content=\"Erica turizam\" \/>\n<meta property=\"article:modified_time\" content=\"2017-12-19T22:45:25+00:00\" \/>\n<meta name=\"twitter:card\" content=\"summary_large_image\" \/>\n<meta name=\"twitter:label1\" content=\"Gesch\u00e4tzte Lesezeit\" \/>\n\t<meta name=\"twitter:data1\" content=\"5\u00a0Minuten\" \/>\n<script type=\"application\/ld+json\" class=\"yoast-schema-graph\">{\"@context\":\"https:\\\/\\\/schema.org\",\"@graph\":[{\"@type\":\"WebPage\",\"@id\":\"https:\\\/\\\/www.ericaturizam.hr\\\/de\\\/o-nama\\\/\",\"url\":\"https:\\\/\\\/www.ericaturizam.hr\\\/de\\\/o-nama\\\/\",\"name\":\"\u00dcber uns - Erica turizam\",\"isPartOf\":{\"@id\":\"https:\\\/\\\/www.ericaturizam.hr\\\/hr\\\/#website\"},\"datePublished\":\"2017-12-13T21:12:32+00:00\",\"dateModified\":\"2017-12-19T22:45:25+00:00\",\"breadcrumb\":{\"@id\":\"https:\\\/\\\/www.ericaturizam.hr\\\/de\\\/o-nama\\\/#breadcrumb\"},\"inLanguage\":\"de\",\"potentialAction\":[{\"@type\":\"ReadAction\",\"target\":[\"https:\\\/\\\/www.ericaturizam.hr\\\/de\\\/o-nama\\\/\"]}]},{\"@type\":\"BreadcrumbList\",\"@id\":\"https:\\\/\\\/www.ericaturizam.hr\\\/de\\\/o-nama\\\/#breadcrumb\",\"itemListElement\":[{\"@type\":\"ListItem\",\"position\":1,\"name\":\"Po\u010detna stranica\",\"item\":\"https:\\\/\\\/www.ericaturizam.hr\\\/de\\\/\"},{\"@type\":\"ListItem\",\"position\":2,\"name\":\"\u00dcber uns\"}]},{\"@type\":\"WebSite\",\"@id\":\"https:\\\/\\\/www.ericaturizam.hr\\\/hr\\\/#website\",\"url\":\"https:\\\/\\\/www.ericaturizam.hr\\\/hr\\\/\",\"name\":\"Erica turizam\",\"description\":\"apartments &amp; holiday mobile homes\",\"potentialAction\":[{\"@type\":\"SearchAction\",\"target\":{\"@type\":\"EntryPoint\",\"urlTemplate\":\"https:\\\/\\\/www.ericaturizam.hr\\\/hr\\\/?s={search_term_string}\"},\"query-input\":{\"@type\":\"PropertyValueSpecification\",\"valueRequired\":true,\"valueName\":\"search_term_string\"}}],\"inLanguage\":\"de\"}]}<\/script>\n<!-- \/ Yoast SEO plugin. -->","yoast_head_json":{"title":"\u00dcber uns - Erica turizam","robots":{"index":"index","follow":"follow","max-snippet":"max-snippet:-1","max-image-preview":"max-image-preview:large","max-video-preview":"max-video-preview:-1"},"canonical":"https:\/\/www.ericaturizam.hr\/de\/o-nama\/","og_locale":"de_DE","og_type":"article","og_title":"\u00dcber uns - Erica turizam","og_url":"https:\/\/www.ericaturizam.hr\/de\/o-nama\/","og_site_name":"Erica turizam","article_modified_time":"2017-12-19T22:45:25+00:00","twitter_card":"summary_large_image","twitter_misc":{"Gesch\u00e4tzte Lesezeit":"5\u00a0Minuten"},"schema":{"@context":"https:\/\/schema.org","@graph":[{"@type":"WebPage","@id":"https:\/\/www.ericaturizam.hr\/de\/o-nama\/","url":"https:\/\/www.ericaturizam.hr\/de\/o-nama\/","name":"\u00dcber uns - Erica turizam","isPartOf":{"@id":"https:\/\/www.ericaturizam.hr\/hr\/#website"},"datePublished":"2017-12-13T21:12:32+00:00","dateModified":"2017-12-19T22:45:25+00:00","breadcrumb":{"@id":"https:\/\/www.ericaturizam.hr\/de\/o-nama\/#breadcrumb"},"inLanguage":"de","potentialAction":[{"@type":"ReadAction","target":["https:\/\/www.ericaturizam.hr\/de\/o-nama\/"]}]},{"@type":"BreadcrumbList","@id":"https:\/\/www.ericaturizam.hr\/de\/o-nama\/#breadcrumb","itemListElement":[{"@type":"ListItem","position":1,"name":"Po\u010detna stranica","item":"https:\/\/www.ericaturizam.hr\/de\/"},{"@type":"ListItem","position":2,"name":"\u00dcber uns"}]},{"@type":"WebSite","@id":"https:\/\/www.ericaturizam.hr\/hr\/#website","url":"https:\/\/www.ericaturizam.hr\/hr\/","name":"Erica turizam","description":"apartments &amp; holiday mobile homes","potentialAction":[{"@type":"SearchAction","target":{"@type":"EntryPoint","urlTemplate":"https:\/\/www.ericaturizam.hr\/hr\/?s={search_term_string}"},"query-input":{"@type":"PropertyValueSpecification","valueRequired":true,"valueName":"search_term_string"}}],"inLanguage":"de"}]}},"_links":{"self":[{"href":"https:\/\/www.ericaturizam.hr\/de\/wp-json\/wp\/v2\/pages\/2254","targetHints":{"allow":["GET"]}}],"collection":[{"href":"https:\/\/www.ericaturizam.hr\/de\/wp-json\/wp\/v2\/pages"}],"about":[{"href":"https:\/\/www.ericaturizam.hr\/de\/wp-json\/wp\/v2\/types\/page"}],"author":[{"embeddable":true,"href":"https:\/\/www.ericaturizam.hr\/de\/wp-json\/wp\/v2\/users\/1"}],"replies":[{"embeddable":true,"href":"https:\/\/www.ericaturizam.hr\/de\/wp-json\/wp\/v2\/comments?post=2254"}],"version-history":[{"count":5,"href":"https:\/\/www.ericaturizam.hr\/de\/wp-json\/wp\/v2\/pages\/2254\/revisions"}],"predecessor-version":[{"id":2539,"href":"https:\/\/www.ericaturizam.hr\/de\/wp-json\/wp\/v2\/pages\/2254\/revisions\/2539"}],"wp:attachment":[{"href":"https:\/\/www.ericaturizam.hr\/de\/wp-json\/wp\/v2\/media?parent=2254"}],"curies":[{"name":"wp","href":"https:\/\/api.w.org\/{rel}","templated":true}]}}